{"id":40,"date":"2020-01-28T14:01:21","date_gmt":"2020-01-28T13:01:21","guid":{"rendered":"http:\/\/resort.websitter.pl\/?page_id=40"},"modified":"2021-10-03T18:49:17","modified_gmt":"2021-10-03T16:49:17","slug":"regulamin","status":"publish","type":"page","link":"https:\/\/nadmorskiresort.pl\/index.php\/regulamin\/","title":{"rendered":"REGULAMIN"},"content":{"rendered":"\t\t<div data-elementor-type=\"wp-page\" data-elementor-id=\"40\" class=\"elementor elementor-40\" data-elementor-settings=\"[]\">\n\t\t\t<div class=\"elementor-inner\">\n\t\t\t\t<div class=\"elementor-section-wrap\">\n\t\t\t\t\t\t\t<section class=\"has_eae_slider elementor-element elementor-element-6bde36a elementor-section-boxed elementor-section-height-default elementor-section-height-default elementor-section elementor-top-section\" data-id=\"6bde36a\" data-element_type=\"section\">\n\t\t\t\t\t\t<div class=\"elementor-container elementor-column-gap-default\">\n\t\t\t\t<div class=\"elementor-row\">\n\t\t\t\t<div class=\"has_eae_slider elementor-element elementor-element-a726a02 elementor-column elementor-col-100 elementor-top-column\" data-id=\"a726a02\" data-element_type=\"column\">\n\t\t\t<div class=\"elementor-column-wrap  elementor-element-populated\">\n\t\t\t\t\t<div class=\"elementor-widget-wrap\">\n\t\t\t\t<div class=\"elementor-element elementor-element-6c48888 elementor-widget elementor-widget-spacer\" data-id=\"6c48888\" data-element_type=\"widget\" data-widget_type=\"spacer.default\">\n\t\t\t\t<div class=\"elementor-widget-container\">\n\t\t\t\t\t<div class=\"elementor-spacer\">\n\t\t\t<div class=\"elementor-spacer-inner\"><\/div>\n\t\t<\/div>\n\t\t\t\t<\/div>\n\t\t\t\t<\/div>\n\t\t\t\t\t\t<\/div>\n\t\t\t<\/div>\n\t\t<\/div>\n\t\t\t\t\t\t<\/div>\n\t\t\t<\/div>\n\t\t<\/section>\n\t\t\t\t<section class=\"has_eae_slider elementor-element elementor-element-a6523a1 elementor-section-boxed elementor-section-height-default elementor-section-height-default elementor-section elementor-top-section\" data-id=\"a6523a1\" data-element_type=\"section\">\n\t\t\t\t\t\t<div class=\"elementor-container elementor-column-gap-default\">\n\t\t\t\t<div class=\"elementor-row\">\n\t\t\t\t<div class=\"has_eae_slider elementor-element elementor-element-b71de54 elementor-column elementor-col-100 elementor-top-column\" data-id=\"b71de54\" data-element_type=\"column\">\n\t\t\t<div class=\"elementor-column-wrap  elementor-element-populated\">\n\t\t\t\t\t<div class=\"elementor-widget-wrap\">\n\t\t\t\t<div class=\"elementor-element elementor-element-178f18e elementor-widget elementor-widget-heading\" data-id=\"178f18e\" data-element_type=\"widget\" data-widget_type=\"heading.default\">\n\t\t\t\t<div class=\"elementor-widget-container\">\n\t\t\t<h2 class=\"elementor-heading-title elementor-size-default\">REGULAMIN<\/h2>\t\t<\/div>\n\t\t\t\t<\/div>\n\t\t\t\t\t\t<\/div>\n\t\t\t<\/div>\n\t\t<\/div>\n\t\t\t\t\t\t<\/div>\n\t\t\t<\/div>\n\t\t<\/section>\n\t\t\t\t<section class=\"has_eae_slider elementor-element elementor-element-b4c882c elementor-section-boxed elementor-section-height-default elementor-section-height-default elementor-section elementor-top-section\" data-id=\"b4c882c\" data-element_type=\"section\">\n\t\t\t\t\t\t<div class=\"elementor-container elementor-column-gap-default\">\n\t\t\t\t<div class=\"elementor-row\">\n\t\t\t\t<div class=\"has_eae_slider elementor-element elementor-element-413ee97 elementor-column elementor-col-100 elementor-top-column\" data-id=\"413ee97\" data-element_type=\"column\">\n\t\t\t<div class=\"elementor-column-wrap  elementor-element-populated\">\n\t\t\t\t\t<div class=\"elementor-widget-wrap\">\n\t\t\t\t<div class=\"elementor-element elementor-element-2ea27bb elementor-widget elementor-widget-text-editor\" data-id=\"2ea27bb\" data-element_type=\"widget\" data-widget_type=\"text-editor.default\">\n\t\t\t\t<div class=\"elementor-widget-container\">\n\t\t\t\t\t<div class=\"elementor-text-editor elementor-clearfix\"><p style=\"text-align: justify;\"><strong>Drodzy Go\u015bcie, <\/strong><\/p>\n<p style=\"text-align: justify;\"><b>aby\u015bcie mogli czu\u0107 si\u0119 bezpiecznie i komfortowo w naszych domkach oraz na terenie o\u015brodka, bardzo prosimy o szczeg\u00f3\u0142owe zapoznanie si\u0119 <br>z regulaminem pobytu. Dokonanie rezerwacji domku jest r\u00f3wnoznaczne z akceptacj\u0105 niniejszego regulaminu.\u00a0<\/b><\/p>\n<p style=\"text-align: justify;\"><\/p>\n<p style=\"text-align: justify;\"><strong>REGULAMIN U\u017cytkowania Domk\u00f3w Ca\u0142orocznych Nadmorski Resort w Niechorzu<\/strong><\/p>\n\n<ul style=\"text-align: justify;\">\n \t<li>Minimalny okres wynajmu domku to trzy doby ( kr\u00f3tszy okres wynajmu mo\u017cliwy za dodatkow\u0105 op\u0142at\u0105 200,00 za sprz\u0105tanie domku)<\/li>\n \t<li>Do ceny wynajmu domku doliczana jest op\u0142ata miejscowa za ka\u017cd\u0105 osob\u0119, zgodnie ze stawk\u0105 uchwalon\u0105 przez Urz\u0105d Gminy<\/li>\n \t<li>Ustalona cena wynajmu, jest cen\u0105 ostateczn\u0105, nie doliczamy op\u0142at za zu\u017cycie medi\u00f3w<\/li>\n \t<li>W domku mo\u017ce zamieszkiwa\u0107 maksymalnie 8 os\u00f3b<\/li>\n \t<li>Doba hotelowa trwa od godz.14:00 w dniu przyjazdu do godz. 09:30 dnia nast\u0119pnego.<\/li>\n \t<li>Potwierdzenie rezerwacji ze strony Klienta \u2013 Go\u015bcia jest jednoznaczne ze z\u0142o\u017ceniem oferty i skutkuje zawarciem Umowy wynajmu Domku.<\/li>\n \t<li>Rezerwacja domku nast\u0105pi po wp\u0142acie ustalonej kwoty zadatku,\u00a0 w ci\u0105gu 3 dni od dnia potwierdzenia rezerwacji na podany numer rachunku bankowego. Nale\u017cno\u015b\u0107 jest p\u0142atna za ca\u0142y okres pobytu z chwil\u0105 przybycia na miejsce (w rozliczeniu uwzgl\u0119dniana jest kwota zadatku). Niewykorzystanie kt\u00f3regokolwiek ze \u015bwiadcze\u0144 przez Go\u015bci nie upowa\u017cnia do \u017c\u0105dania zwrotu zap\u0142aconej kwoty. Wp\u0142ata zadatku stanowi r\u00f3wnocze\u015bnie akceptacj\u0119 naszego regulaminu. Zakwaterowanie odbywa si\u0119 na podstawie dokumentu to\u017csamo\u015bci.<\/li>\n \t<li>W przypadku zmiany terminu rezerwacji lub skr\u00f3cenia pobytu przez Wynajmuj\u0105cego lub ca\u0142kowitej rezygnacji z pobytu z przyczyn\u00a0 niezale\u017cnych od W\u0142a\u015bciciela zadatek nie podlega zwrotowi.<\/li>\n \t<li>Najemca nie mo\u017ce przekazywa\u0107 ani udost\u0119pnia\u0107 domku osobom trzecim; osoby niezameldowane nie mog\u0105 przebywa\u0107 w Domku i terenie posesji\u00a0 \u00a0 \u00a0 \u00a0 w godz. 22:00-7:00<\/li>\n \t<li>Przyjmowanie przez Naszych Go\u015bci os\u00f3b z zewn\u0105trz tylko i wy\u0142\u0105cznie za zgod\u0105 w\u0142a\u015bcicieli. Osoby z zewn\u0105trz mog\u0105 by\u0107 przyjmowane jednorazowo\u00a0 \u00a0 \u00a0 \u00a0 i nie mog\u0105 przebywa\u0107 na terenie o\u015brodka wi\u0119cej ni\u017c 2 godziny.<\/li>\n \t<li>Dokonuj\u0105c rezerwacji Wynajmuj\u0105cy wyra\u017ca zgod\u0119 na przetwarzanie danych osobowych wy\u0142\u0105cznie w celu realizacji rezerwacji.<\/li>\n \t<li>Wymaga jest kaucja, uiszczana w dniu przyjazdu w wysoko\u015bci 200,00 z\u0142otych za Domek. Kaucja jest zwracana w dniu wymeldowania Go\u015bci,\u00a0 \u00a0 \u00a0 \u00a0 \u00a0 \u00a0 \u00a0 \u00a0 \u00a0 po sprawdzeniu stanu technicznego i wyposa\u017cenia domku. Go\u015bcie o\u015brodka ponosz\u0105 pe\u0142n\u0105 odpowiedzialno\u015b\u0107 materialn\u0105 za wszelkiego rodzaju uszkodzenia i zniszczenia przedmiot\u00f3w wyposa\u017cenia znajduj\u0105cych si\u0119 w domku, powsta\u0142ych z jego winy lub winy os\u00f3b go odwiedzaj\u0105cych.<\/li>\n \t<li>W przypadku braku mo\u017cliwo\u015bci dotarcia na um\u00f3wion\u0105\u00a0wcze\u015bniej godzin\u0119, Najemca zobowi\u0105zany jest do powiadomienia telefonicznego w\u0142a\u015bciciela.\u00a0 \u00a0 \u00a0 W razie braku kontaktu z Najemca do godz. 21:00 w dniu przyjazdu, Wynajmuj\u0105cy zastrzega sobie prawo do anulowania rezerwacji bez zwrotu zadatku.<\/li>\n \t<li>Informacje o ch\u0119ci zmiany lub rezygnacji rezerwacji nale\u017cy\u00a0 kierowa\u0107 do nas za po\u015brednictwem poczty e-mail, lub telefonicznie.<\/li>\n \t<li>Wynajem Domku obejmuje zgodnie z wcze\u015bniejszymi ustaleniami liczb\u0119 os\u00f3b jaka ustalono z w\u0142a\u015bcicielem.<\/li>\n \t<li>Go\u015bcie ponosz\u0105 ca\u0142kowita odpowiedzialno\u015b\u0107 materialna za wszelkiego rodzaju uszkodzenia lub zniszczenia przedmiot\u00f3w wyposa\u017cenia lub urz\u0105dze\u0144 technicznych powsta\u0142e z ich winy lub winy odpowiedzialnych ich os\u00f3b.<\/li>\n \t<li>W\u0142a\u015bciciel nie ponosi odpowiedzialno\u015bci za mienie warto\u015bciowe pozostawione w domkach w szczeg\u00f3lno\u015bci takich jak: \u015brodki pieni\u0119\u017cne, papiery warto\u015bciowe, bi\u017cuteri\u0119, kamienie szlachetne, dokumenty, zbiory numizmatyczne, filatelistyczne, dzie\u0142a sztuki lub inne przedmioty o charakterze warto\u015bciowym, zabytkowym, artystycznym lub unikatowym. Prosimy o zachowanie nale\u017cytej staranno\u015bci zwi\u0105zanej z zamykaniem okien i drzwi w momencie opuszczania domku.<\/li>\n \t<li>W\u0142a\u015bciciel zastrzega sobie prawo do \u017c\u0105dania opuszczenia terenu O\u015brodka przez Go\u015bci, nie przestrzegaj\u0105cych Regulaminu \u2013 szczeg\u00f3lnie zak\u0142\u00f3caj\u0105cych w ra\u017c\u0105cy spos\u00f3b wypoczynek innym s\u0105siadom. W tym przypadku nie nast\u0119puje zwrot pieni\u0119dzy za najem.<\/li>\n \t<li>W\u0142a\u015bciciel oddaje do u\u017cytku plac zabaw dla dzieci, jednak w zwi\u0105zku z ponoszeniem przez Rodzic\u00f3w odpowiedzialno\u015bci za bezpiecze\u0144stwo i za wszelkie skutki dzia\u0142a\u0144 swoich dzieci, zwracamy si\u0119 o wzmo\u017con\u0105 opiek\u0119 nad nimi oraz informujemy, \u017ce w\u0142a\u015bciciele O\u015brodka nie ponosz\u0105 odpowiedzialno\u015bci za bezpiecze\u0144stwo i zdrowie dzieci przebywaj\u0105cych na terenie O\u015brodka.<\/li>\n \t<li>Na terenie O\u015brodka obowi\u0105zuje segregacja \u015bmieci.<\/li>\n \t<li>O\u015brodek nie przyjmuje zwierz\u0105t<\/li>\n \t<li>Najemcy domku mog\u0105 parkowa\u0107 swoje samochody na terenie O\u015brodka. Do ka\u017cdego domku przypisane jest jedno miejsce parkingowe. Op\u0142ata za drugi samoch\u00f3d wynosi 10 z\u0142 za dob\u0119, w przypadku dost\u0119pnych miejsc postojowych. Miejsce postojowe na terenie o\u015brodka jest miejscem niestrze\u017conym, w\u0142a\u015bciciel nie ponosi odpowiedzialno\u015bci za utrat\u0119, uszkodzenia pojazd\u00f3w lub mienia w nich pozostawionego.<\/li>\n \t<li>W momencie wynajmu Domku \u2013 Nadmorski Resort ka\u017cdy go\u015b\u0107 akceptuje i wyra\u017ca zgod\u0119 na warunki zawarte w Regulaminie U\u017cytkowania Domk\u00f3w Ca\u0142orocznych nadmorski Resort w Niechorzu.<\/li>\n \t<li>W przypadku spowodowania uszkodzenia wyposa\u017cenia\/mienia domku prosimy Go\u015bci o natychmiastowe poinformowanie w\u0142a\u015bciciela, celem dokonania naprawy\/wymiany. Rekompensata finansowa za w\/w napraw\u0119\/wymian\u0119 zostanie naliczona wg koszt\u00f3w naprawy i musi by\u0107 uregulowana najp\u00f3\u017aniej w dniu wyjazdu.<\/li>\n \t<li>Wynajmuj\u0105cy ma prawo odm\u00f3wi\u0107 przyj\u0119cia Najemcy, kt\u00f3ry podczas poprzedniego pobytu naruszy\u0142 regulamin.<\/li>\n \t<li>Cena us\u0142ug \u015bwiadczonych przez W\u0142a\u015bciciela nie obejmuje ubezpieczenia, \u00a0za doznane urazy szkody zniszczenie maj\u0105tku, szkody sporz\u0105dzone na zdrowiu i maj\u0105tku osoby trzeciej<\/li>\n \t<li>Ze wzgl\u0119du na bezpiecze\u0144stwo i komfort przebywaj\u0105cych u nas Go\u015bci, nale\u017cy przestrzega\u0107 ochrony przeciwpo\u017carowej. Obowi\u0105zuje ca\u0142kowity zakaz pozostawiania otwartego ognia bez nadzoru, zabrania si\u0119 u\u017cytkowania elektrycznych urz\u0105dze\u0144 grzewczych lub innych urz\u0105dze\u0144 elektrycznych nieb\u0119d\u0105cych na wyposa\u017ceniu domku, mog\u0105cych powodowa\u0107 zagro\u017cenie po\u017carowe. Zabrania si\u0119 palenia grilla na tarasach &#8211; przeznaczone s\u0105 do tego wyznaczone miejsca.<\/li>\n \t<li>W domkach obowi\u0105zuje ca\u0142kowity zakaz palenia papieros\u00f3w.<\/li>\n \t<li>W\u0142a\u015bciciel nie ponosi odpowiedzialno\u015bci za przej\u015bciowe niedogodno\u015bci wyst\u0119puj\u0105ce u niezale\u017cnych dostawc\u00f3w spowodowane np. czasowym brakiem wody, pr\u0105du.<\/li>\n \t<li>W sprawach nieregulowanych w niniejszym Regulaminem zastosowanie maj\u0105 odpowiednio przepis Kodeksu Cywilnego oraz Ustawy o us\u0142ugach turystycznych.<\/li>\n<\/ul>\n<p style=\"text-align: justify;\">Niniejszy Regulamin obowi\u0105zuj\u0119 od dnia 01.01.2020 roku.<\/p>\n<p style=\"text-align: justify;\"><strong>\u017bycz\u0119 Pa\u0144stwu dobrego I przyjemnego wypoczynku<\/strong><\/p><\/div>\n\t\t\t\t<\/div>\n\t\t\t\t<\/div>\n\t\t\t\t\t\t<\/div>\n\t\t\t<\/div>\n\t\t<\/div>\n\t\t\t\t\t\t<\/div>\n\t\t\t<\/div>\n\t\t<\/section>\n\t\t\t\t\t\t<\/div>\n\t\t\t<\/div>\n\t\t<\/div>\n\t\t","protected":false},"excerpt":{"rendered":"<p>REGULAMIN Drodzy Go\u015bcie, aby\u015bcie mogli czu\u0107 si\u0119 bezpiecznie i komfortowo w naszych domkach oraz na terenie o\u015brodka, bardzo prosimy o szczeg\u00f3\u0142owe zapoznanie si\u0119 z regulaminem pobytu. Dokonanie rezerwacji domku jest r\u00f3wnoznaczne z akceptacj\u0105 niniejszego regulaminu.\u00a0 REGULAMIN U\u017cytkowania Domk\u00f3w Ca\u0142orocznych Nadmorski Resort w Niechorzu Minimalny okres wynajmu domku to trzy doby ( kr\u00f3tszy okres wynajmu mo\u017cliwy &hellip;<\/p>\n<p class=\"read-more\"> <a class=\"\" href=\"https:\/\/nadmorskiresort.pl\/index.php\/regulamin\/\"> <span class=\"screen-reader-text\">REGULAMIN<\/span> Read More &raquo;<\/a><\/p>\n","protected":false},"author":1,"featured_media":0,"parent":0,"menu_order":0,"comment_status":"closed","ping_status":"closed","template":"","meta":{"footnotes":""},"class_list":["post-40","page","type-page","status-publish","hentry"],"_links":{"self":[{"href":"https:\/\/nadmorskiresort.pl\/index.php\/wp-json\/wp\/v2\/pages\/40","targetHints":{"allow":["GET"]}}],"collection":[{"href":"https:\/\/nadmorskiresort.pl\/index.php\/wp-json\/wp\/v2\/pages"}],"about":[{"href":"https:\/\/nadmorskiresort.pl\/index.php\/wp-json\/wp\/v2\/types\/page"}],"author":[{"embeddable":true,"href":"https:\/\/nadmorskiresort.pl\/index.php\/wp-json\/wp\/v2\/users\/1"}],"replies":[{"embeddable":true,"href":"https:\/\/nadmorskiresort.pl\/index.php\/wp-json\/wp\/v2\/comments?post=40"}],"version-history":[{"count":8,"href":"https:\/\/nadmorskiresort.pl\/index.php\/wp-json\/wp\/v2\/pages\/40\/revisions"}],"predecessor-version":[{"id":301,"href":"https:\/\/nadmorskiresort.pl\/index.php\/wp-json\/wp\/v2\/pages\/40\/revisions\/301"}],"wp:attachment":[{"href":"https:\/\/nadmorskiresort.pl\/index.php\/wp-json\/wp\/v2\/media?parent=40"}],"curies":[{"name":"wp","href":"https:\/\/api.w.org\/{rel}","templated":true}]}}